{"id":72,"date":"2019-04-19T19:24:26","date_gmt":"2019-04-19T19:24:26","guid":{"rendered":"https:\/\/ldlaze.wordpress.com\/?page_id=61"},"modified":"2023-06-22T06:11:03","modified_gmt":"2023-06-22T06:11:03","slug":"divjad","status":"publish","type":"page","link":"https:\/\/ld-laze.si\/?page_id=72","title":{"rendered":"Divjad"},"content":{"rendered":"\r\n<p>Glavni lovni vrsti divjadi v lovi\u0161\u010du sta <strong>srnjad <\/strong>in<strong> divji pra\u0161i\u010d<\/strong>, od velike divjadi je prisotna tudi <strong>jelenjad<\/strong>. Od male divjadi sta prisotna <strong>poljski zajec<\/strong> in <strong>raca mlakarica<\/strong>, od malih zveri <strong>lisica<\/strong>, <strong>jazbec<\/strong>, <strong>kuna belica<\/strong> in <strong>kuna zlatica<\/strong>, od ptic <strong>\u0161oja<\/strong>, <strong>siva vrana<\/strong> in <strong>sraka<\/strong>, od ostalih lovnih vrst pa \u0161e <strong>pi\u017emovka<\/strong>, <strong>nutrija<\/strong> in <strong>polh<\/strong>.<\/p>\r\n","protected":false},"excerpt":{"rendered":"<p>Glavni lovni vrsti divjadi v lovi\u0161\u010du sta srnjad in divji pra\u0161i\u010d, od velike divjadi je prisotna tudi jelenjad. Od male divjadi sta prisotna poljski zajec in raca mlakarica, od malih zveri lisica, jazbec, kuna belica in kuna zlatica, od ptic \u0161oja, siva vrana in sraka, od ostalih lovnih vrst pa \u0161e pi\u017emovka, nutrija in polh.<\/p>\n","protected":false},"author":1,"featured_media":229,"parent":0,"menu_order":0,"comment_status":"closed","ping_status":"closed","template":"templates\/full-width-page.php","meta":{"ngg_post_thumbnail":0,"footnotes":""},"class_list":["post-72","page","type-page","status-publish","has-post-thumbnail","hentry","with-featured-image"],"_links":{"self":[{"href":"https:\/\/ld-laze.si\/index.php?rest_route=\/wp\/v2\/pages\/72","targetHints":{"allow":["GET"]}}],"collection":[{"href":"https:\/\/ld-laze.si\/index.php?rest_route=\/wp\/v2\/pages"}],"about":[{"href":"https:\/\/ld-laze.si\/index.php?rest_route=\/wp\/v2\/types\/page"}],"author":[{"embeddable":true,"href":"https:\/\/ld-laze.si\/index.php?rest_route=\/wp\/v2\/users\/1"}],"replies":[{"embeddable":true,"href":"https:\/\/ld-laze.si\/index.php?rest_route=%2Fwp%2Fv2%2Fcomments&post=72"}],"version-history":[{"count":3,"href":"https:\/\/ld-laze.si\/index.php?rest_route=\/wp\/v2\/pages\/72\/revisions"}],"predecessor-version":[{"id":289,"href":"https:\/\/ld-laze.si\/index.php?rest_route=\/wp\/v2\/pages\/72\/revisions\/289"}],"wp:featuredmedia":[{"embeddable":true,"href":"https:\/\/ld-laze.si\/index.php?rest_route=\/wp\/v2\/media\/229"}],"wp:attachment":[{"href":"https:\/\/ld-laze.si\/index.php?rest_route=%2Fwp%2Fv2%2Fmedia&parent=72"}],"curies":[{"name":"wp","href":"https:\/\/api.w.org\/{rel}","templated":true}]}}