{"id":21,"date":"2019-04-19T18:56:38","date_gmt":"2019-04-19T18:56:38","guid":{"rendered":"https:\/\/ldlaze.wordpress.com\/?page_id=21"},"modified":"2025-01-16T11:55:11","modified_gmt":"2025-01-16T11:55:11","slug":"lovisce","status":"publish","type":"page","link":"https:\/\/ld-laze.si\/?page_id=21","title":{"rendered":"Lovi\u0161\u010de"},"content":{"rendered":"\r\n<p>Lovska dru\u017eina Laze spada pod Zasavsko lovsko upravljavsko obmo\u010dje. Lovi\u0161\u010de meji na sedem sosednjih lovi\u0161\u010d (Pugled, Vi\u0161nja gora, \u0160martno pri Litiji, Kresnice, Morav\u010de, Dom\u017eale in P\u0161ata). Skupna povr\u0161ina lovi\u0161\u010da obsega 5406 ha, od tega je 5151 ha lovne povr\u0161ine. Lovi\u0161\u010de je razdeljeno na 9 revirjev.<\/p>\r\n\r\n\r\n\r\n<div class=\"wp-block-image\">\r\n<figure class=\"aligncenter is-resized\"><img loading=\"lazy\" decoding=\"async\" class=\"wp-image-118\" src=\"https:\/\/ld-laze.si\/wp-content\/uploads\/2019\/04\/ld-lovic5a1c48de-1-1.jpg\" alt=\"\" width=\"336\" height=\"450\">\r\n<figcaption>Karta lovi\u0161\u010da LD Laze<\/figcaption>\r\n<\/figure>\r\n<\/div>\r\n\r\n\r\n\r\n<p>Najvi\u0161ja to\u010dka v lovi\u0161\u010du so Jan\u010de z nadmorsko vi\u0161ino 792 m. V lovi\u0161\u010du ne primanjkuje vodnih virov. Najve\u010dja reka, ki te\u010de \u010dez lovi\u0161\u010de in ga razpolavlja je Sava, njej vzporeden pa je manj\u0161i potok Mlin\u0161\u010dica. Iz stranskih jarkov in dolin se v Savo tako iz ju\u017ene kot iz severne strani stekajo \u0161tevilni manj\u0161i potoki. Ve\u010dji potoki na ju\u017eni strani so Gradolski potok, Gostinca in Slapnica.<\/p>\r\n\r\n\r\n\r\n<p>V lovi\u0161\u010du prevladuje gozdnata krajina, ki se v dolo\u010denih delih bolj, v drugih pa manj prepleta z drugimi, prete\u017eno kmetijskimi rabami tal. Izjema je le manj\u0161e obmo\u010dje ob reki Savi, kjer prevladujejo kmetijska polja ter ve\u010dja in manj\u0161a naselja. Poleg tega v tistem obmo\u010dju potekata tudi glavna cesta G2-108 Ljubljana- Litija in \u017eeleznica.<\/p>\r\n\r\n\r\n\r\n<p>Skoraj ve\u010dino gozdnih povr\u0161in zavzemajo bukovi gozdovi, poleg teh pa je veliko tudi hrastovih gozdov (hrast graden) in gozdov rde\u010dega bora. Med drevesnimi vrstami poleg bukve, hrasta in rde\u010dega bora najdemo tudi smreko in jelko, ter ve\u010d vrst mehkih in trdih listavcev.<\/p>\r\nngg_shortcode_0_placeholder\r\n\r\n\r\n\r\n<figure class=\"tiled-gallery__item\"><\/figure>\r\n","protected":false},"excerpt":{"rendered":"<p>Lovska dru\u017eina Laze spada pod Zasavsko lovsko upravljavsko obmo\u010dje. Lovi\u0161\u010de meji na sedem sosednjih lovi\u0161\u010d (Pugled, Vi\u0161nja gora, \u0160martno pri Litiji, Kresnice, Morav\u010de, Dom\u017eale in P\u0161ata). Skupna povr\u0161ina lovi\u0161\u010da obsega 5406 ha, od tega je 5151 ha lovne povr\u0161ine. Lovi\u0161\u010de je razdeljeno na 9 revirjev. Najvi\u0161ja to\u010dka v lovi\u0161\u010du so Jan\u010de z nadmorsko vi\u0161ino 792&hellip; <a href=\"https:\/\/ld-laze.si\/?page_id=21\" class=\"more-link\">Continue reading <span class=\"screen-reader-text\">Lovi\u0161\u010de<\/span><\/a><\/p>\n","protected":false},"author":1,"featured_media":294,"parent":0,"menu_order":0,"comment_status":"closed","ping_status":"closed","template":"templates\/full-width-page.php","meta":{"ngg_post_thumbnail":0,"footnotes":""},"class_list":["post-21","page","type-page","status-publish","has-post-thumbnail","hentry","with-featured-image"],"_links":{"self":[{"href":"https:\/\/ld-laze.si\/index.php?rest_route=\/wp\/v2\/pages\/21","targetHints":{"allow":["GET"]}}],"collection":[{"href":"https:\/\/ld-laze.si\/index.php?rest_route=\/wp\/v2\/pages"}],"about":[{"href":"https:\/\/ld-laze.si\/index.php?rest_route=\/wp\/v2\/types\/page"}],"author":[{"embeddable":true,"href":"https:\/\/ld-laze.si\/index.php?rest_route=\/wp\/v2\/users\/1"}],"replies":[{"embeddable":true,"href":"https:\/\/ld-laze.si\/index.php?rest_route=%2Fwp%2Fv2%2Fcomments&post=21"}],"version-history":[{"count":2,"href":"https:\/\/ld-laze.si\/index.php?rest_route=\/wp\/v2\/pages\/21\/revisions"}],"predecessor-version":[{"id":198,"href":"https:\/\/ld-laze.si\/index.php?rest_route=\/wp\/v2\/pages\/21\/revisions\/198"}],"wp:featuredmedia":[{"embeddable":true,"href":"https:\/\/ld-laze.si\/index.php?rest_route=\/wp\/v2\/media\/294"}],"wp:attachment":[{"href":"https:\/\/ld-laze.si\/index.php?rest_route=%2Fwp%2Fv2%2Fmedia&parent=21"}],"curies":[{"name":"wp","href":"https:\/\/api.w.org\/{rel}","templated":true}]}}