{"id":17,"date":"2019-04-19T18:50:55","date_gmt":"2019-04-19T18:50:55","guid":{"rendered":"https:\/\/ldlaze.wordpress.com\/?page_id=17"},"modified":"2025-01-16T11:48:10","modified_gmt":"2025-01-16T11:48:10","slug":"lovska-druzina-laze","status":"publish","type":"page","link":"https:\/\/ld-laze.si\/","title":{"rendered":"LD Laze"},"content":{"rendered":"\r\n<p>Lovska dru\u017eina Laze je bila ustanovljena leta 1946. Najahamo se v neposrednji bli\u017eini Ljubljane in na skrajno zahodnem delu Zasavskega lovsko upravljavskega obmo\u010dja. LD Laze je \u010dlanica Zveze lovskih dru\u017ein Zasavje. <\/p>\r\n","protected":false},"excerpt":{"rendered":"<p>Lovska dru\u017eina Laze je bila ustanovljena leta 1946. Najahamo se v neposrednji bli\u017eini Ljubljane in na skrajno zahodnem delu Zasavskega lovsko upravljavskega obmo\u010dja. LD Laze je \u010dlanica Zveze lovskih dru\u017ein Zasavje.<\/p>\n","protected":false},"author":1,"featured_media":63,"parent":0,"menu_order":0,"comment_status":"closed","ping_status":"closed","template":"","meta":{"ngg_post_thumbnail":0,"footnotes":""},"class_list":["post-17","page","type-page","status-publish","has-post-thumbnail","hentry","with-featured-image"],"_links":{"self":[{"href":"https:\/\/ld-laze.si\/index.php?rest_route=\/wp\/v2\/pages\/17","targetHints":{"allow":["GET"]}}],"collection":[{"href":"https:\/\/ld-laze.si\/index.php?rest_route=\/wp\/v2\/pages"}],"about":[{"href":"https:\/\/ld-laze.si\/index.php?rest_route=\/wp\/v2\/types\/page"}],"author":[{"embeddable":true,"href":"https:\/\/ld-laze.si\/index.php?rest_route=\/wp\/v2\/users\/1"}],"replies":[{"embeddable":true,"href":"https:\/\/ld-laze.si\/index.php?rest_route=%2Fwp%2Fv2%2Fcomments&post=17"}],"version-history":[{"count":2,"href":"https:\/\/ld-laze.si\/index.php?rest_route=\/wp\/v2\/pages\/17\/revisions"}],"predecessor-version":[{"id":293,"href":"https:\/\/ld-laze.si\/index.php?rest_route=\/wp\/v2\/pages\/17\/revisions\/293"}],"wp:featuredmedia":[{"embeddable":true,"href":"https:\/\/ld-laze.si\/index.php?rest_route=\/wp\/v2\/media\/63"}],"wp:attachment":[{"href":"https:\/\/ld-laze.si\/index.php?rest_route=%2Fwp%2Fv2%2Fmedia&parent=17"}],"curies":[{"name":"wp","href":"https:\/\/api.w.org\/{rel}","templated":true}]}}